{"id":845,"date":"2021-11-22T11:15:24","date_gmt":"2021-11-22T09:15:24","guid":{"rendered":"http:\/\/parikanniemi.fi\/?page_id=845"},"modified":"2022-01-16T15:22:16","modified_gmt":"2022-01-16T13:22:16","slug":"parikanniemisaatio-2","status":"publish","type":"page","link":"https:\/\/parikanniemi.fi\/?page_id=845","title":{"rendered":""},"content":{"rendered":"\t\t<div data-elementor-type=\"wp-page\" data-elementor-id=\"845\" class=\"elementor elementor-845\">\n\t\t\t\t\t\t<section class=\"elementor-section elementor-top-section elementor-element elementor-element-681ef12 elementor-section-boxed elementor-section-height-default elementor-section-height-default parallax_section_no qode_elementor_container_no\" data-id=\"681ef12\" data-element_type=\"section\" data-e-type=\"section\">\n\t\t\t\t\t\t<div class=\"elementor-container elementor-column-gap-default\">\n\t\t\t\t\t<div class=\"elementor-column elementor-col-100 elementor-top-column elementor-element elementor-element-cf3c3c1\" data-id=\"cf3c3c1\" data-element_type=\"column\" data-e-type=\"column\">\n\t\t\t<div class=\"elementor-widget-wrap elementor-element-populated\">\n\t\t\t\t\t\t<div class=\"elementor-element elementor-element-86698d4 elementor-widget elementor-widget-spacer\" data-id=\"86698d4\" data-element_type=\"widget\" data-e-type=\"widget\" data-widget_type=\"spacer.default\">\n\t\t\t\t<div class=\"elementor-widget-container\">\n\t\t\t\t\t\t\t<div class=\"elementor-spacer\">\n\t\t\t<div class=\"elementor-spacer-inner\"><\/div>\n\t\t<\/div>\n\t\t\t\t\t\t<\/div>\n\t\t\t\t<\/div>\n\t\t\t\t<div class=\"elementor-element elementor-element-ad63582 elementor-widget elementor-widget-heading\" data-id=\"ad63582\" data-element_type=\"widget\" data-e-type=\"widget\" data-widget_type=\"heading.default\">\n\t\t\t\t<div class=\"elementor-widget-container\">\n\t\t\t\t\t<h2 class=\"elementor-heading-title elementor-size-default\">MATKAT<\/h2>\t\t\t\t<\/div>\n\t\t\t\t<\/div>\n\t\t\t\t\t<\/div>\n\t\t<\/div>\n\t\t\t\t\t<\/div>\n\t\t<\/section>\n\t\t\t\t<section class=\"elementor-section elementor-top-section elementor-element elementor-element-cca1bdb elementor-section-boxed elementor-section-height-default elementor-section-height-default parallax_section_no qode_elementor_container_no\" data-id=\"cca1bdb\" data-element_type=\"section\" data-e-type=\"section\">\n\t\t\t\t\t\t<div class=\"elementor-container elementor-column-gap-default\">\n\t\t\t\t\t<div class=\"elementor-column elementor-col-100 elementor-top-column elementor-element elementor-element-582d4c2\" data-id=\"582d4c2\" data-element_type=\"column\" data-e-type=\"column\">\n\t\t\t<div class=\"elementor-widget-wrap elementor-element-populated\">\n\t\t\t\t\t\t<div class=\"elementor-element elementor-element-bf912dd elementor-widget elementor-widget-text-editor\" data-id=\"bf912dd\" data-element_type=\"widget\" data-e-type=\"widget\" data-widget_type=\"text-editor.default\">\n\t\t\t\t<div class=\"elementor-widget-container\">\n\t\t\t\t\t\t\t\t\t<p>Parikanniemis\u00e4\u00e4ti\u00f6 ja Parikanniemen Yst\u00e4v\u00e4t ry ovat vuosikymmenten aikana j\u00e4rjest\u00e4neet kymmeni\u00e4\u00a0matkoja muun muassa Lappiin Kairosmajalle, Ven\u00e4j\u00e4n Karjalaan Sortavalaan ja vanhan orpokodin paikalle\u00a0sek\u00e4 Israeliin ja Kreikkaan Patmoksen saarelle.<\/p><p>\u00a0<\/p><p>Ryhm\u00e4matkoja yhteisty\u00f6ss\u00e4 muiden kanssa on tehty my\u00f6s Parikkalan Saaren kirkon orpokotijuhlille ja\u00a0Oronmyllylle kes\u00e4teatterin\u00e4yt\u00f6ksiin. Matkoja on tehty my\u00f6s yhteisty\u00f6ss\u00e4 muiden j\u00e4rjest\u00f6jen ja erimatkatoimistojen kanssa.<\/p><p>\u00a0<\/p><p>Seuraavan vuoden ja tulevista matkoista tiedotamme aina <a href=\"https:\/\/parikanniemi.fi\/?page_id=595\">tapahtumakalenterissamme<\/a>.<\/p>\t\t\t\t\t\t\t\t<\/div>\n\t\t\t\t<\/div>\n\t\t\t\t\t<\/div>\n\t\t<\/div>\n\t\t\t\t\t<\/div>\n\t\t<\/section>\n\t\t\t\t<section class=\"elementor-section elementor-top-section elementor-element elementor-element-bfdcb00 elementor-section-boxed elementor-section-height-default elementor-section-height-default parallax_section_no qode_elementor_container_no\" data-id=\"bfdcb00\" data-element_type=\"section\" data-e-type=\"section\">\n\t\t\t\t\t\t<div class=\"elementor-container elementor-column-gap-default\">\n\t\t\t\t\t<div class=\"elementor-column elementor-col-100 elementor-top-column elementor-element elementor-element-c1b302b\" data-id=\"c1b302b\" data-element_type=\"column\" data-e-type=\"column\">\n\t\t\t<div class=\"elementor-widget-wrap elementor-element-populated\">\n\t\t\t\t\t\t<div class=\"elementor-element elementor-element-fe44a86 elementor-widget elementor-widget-spacer\" data-id=\"fe44a86\" data-element_type=\"widget\" data-e-type=\"widget\" data-widget_type=\"spacer.default\">\n\t\t\t\t<div class=\"elementor-widget-container\">\n\t\t\t\t\t\t\t<div class=\"elementor-spacer\">\n\t\t\t<div class=\"elementor-spacer-inner\"><\/div>\n\t\t<\/div>\n\t\t\t\t\t\t<\/div>\n\t\t\t\t<\/div>\n\t\t\t\t\t<\/div>\n\t\t<\/div>\n\t\t\t\t\t<\/div>\n\t\t<\/section>\n\t\t\t\t<\/div>\n\t\t","protected":false},"excerpt":{"rendered":"<p>MATKAT Parikanniemis\u00e4\u00e4ti\u00f6 ja Parikanniemen Yst\u00e4v\u00e4t ry ovat vuosikymmenten aikana j\u00e4rjest\u00e4neet kymmeni\u00e4\u00a0matkoja muun muassa Lappiin Kairosmajalle, Ven\u00e4j\u00e4n Karjalaan Sortavalaan ja vanhan orpokodin paikalle\u00a0sek\u00e4 Israeliin ja Kreikkaan Patmoksen saarelle. \u00a0 Ryhm\u00e4matkoja yhteisty\u00f6ss\u00e4 muiden kanssa on tehty my\u00f6s Parikkalan Saaren kirkon orpokotijuhlille ja\u00a0Oronmyllylle kes\u00e4teatterin\u00e4yt\u00f6ksiin. Matkoja on tehty my\u00f6s&#8230;<\/p>\n","protected":false},"author":1,"featured_media":0,"parent":287,"menu_order":0,"comment_status":"closed","ping_status":"closed","template":"full_width.php","meta":{"_tec_requires_first_save":true,"_EventAllDay":false,"_EventTimezone":"","_EventStartDate":"","_EventEndDate":"","_EventStartDateUTC":"","_EventEndDateUTC":"","_EventShowMap":false,"_EventShowMapLink":false,"_EventURL":"","_EventCost":"","_EventCostDescription":"","_EventCurrencySymbol":"","_EventCurrencyCode":"","_EventCurrencyPosition":"","_EventDateTimeSeparator":"","_EventTimeRangeSeparator":"","_EventOrganizerID":[],"_EventVenueID":[],"_OrganizerEmail":"","_OrganizerPhone":"","_OrganizerWebsite":"","_VenueAddress":"","_VenueCity":"","_VenueCountry":"","_VenueProvince":"","_VenueState":"","_VenueZip":"","_VenuePhone":"","_VenueURL":"","_VenueStateProvince":"","_VenueLat":"","_VenueLng":"","_VenueShowMap":false,"_VenueShowMapLink":false,"_tribe_blocks_recurrence_rules":"","_tribe_blocks_recurrence_description":"","_tribe_blocks_recurrence_exclusions":"","footnotes":""},"class_list":["post-845","page","type-page","status-publish","hentry"],"_links":{"self":[{"href":"https:\/\/parikanniemi.fi\/index.php?rest_route=\/wp\/v2\/pages\/845","targetHints":{"allow":["GET"]}}],"collection":[{"href":"https:\/\/parikanniemi.fi\/index.php?rest_route=\/wp\/v2\/pages"}],"about":[{"href":"https:\/\/parikanniemi.fi\/index.php?rest_route=\/wp\/v2\/types\/page"}],"author":[{"embeddable":true,"href":"https:\/\/parikanniemi.fi\/index.php?rest_route=\/wp\/v2\/users\/1"}],"replies":[{"embeddable":true,"href":"https:\/\/parikanniemi.fi\/index.php?rest_route=%2Fwp%2Fv2%2Fcomments&post=845"}],"version-history":[{"count":24,"href":"https:\/\/parikanniemi.fi\/index.php?rest_route=\/wp\/v2\/pages\/845\/revisions"}],"predecessor-version":[{"id":1458,"href":"https:\/\/parikanniemi.fi\/index.php?rest_route=\/wp\/v2\/pages\/845\/revisions\/1458"}],"up":[{"embeddable":true,"href":"https:\/\/parikanniemi.fi\/index.php?rest_route=\/wp\/v2\/pages\/287"}],"wp:attachment":[{"href":"https:\/\/parikanniemi.fi\/index.php?rest_route=%2Fwp%2Fv2%2Fmedia&parent=845"}],"curies":[{"name":"wp","href":"https:\/\/api.w.org\/{rel}","templated":true}]}}