{"id":786,"date":"2021-11-15T14:23:57","date_gmt":"2021-11-15T12:23:57","guid":{"rendered":"http:\/\/parikanniemi.fi\/?page_id=786"},"modified":"2022-01-19T10:49:44","modified_gmt":"2022-01-19T08:49:44","slug":"parikanniemisaatio","status":"publish","type":"page","link":"https:\/\/parikanniemi.fi\/?page_id=786","title":{"rendered":""},"content":{"rendered":"\t\t<div data-elementor-type=\"wp-page\" data-elementor-id=\"786\" class=\"elementor elementor-786\">\n\t\t\t\t\t\t<section class=\"elementor-section elementor-top-section elementor-element elementor-element-b88fb07 elementor-section-boxed elementor-section-height-default elementor-section-height-default parallax_section_no qode_elementor_container_no\" data-id=\"b88fb07\" data-element_type=\"section\" data-e-type=\"section\">\n\t\t\t\t\t\t<div class=\"elementor-container elementor-column-gap-default\">\n\t\t\t\t\t<div class=\"elementor-column elementor-col-100 elementor-top-column elementor-element elementor-element-9548f82\" data-id=\"9548f82\" data-element_type=\"column\" data-e-type=\"column\">\n\t\t\t<div class=\"elementor-widget-wrap elementor-element-populated\">\n\t\t\t\t\t\t<div class=\"elementor-element elementor-element-57a0928 elementor-widget elementor-widget-spacer\" data-id=\"57a0928\" data-element_type=\"widget\" data-e-type=\"widget\" data-widget_type=\"spacer.default\">\n\t\t\t\t<div class=\"elementor-widget-container\">\n\t\t\t\t\t\t\t<div class=\"elementor-spacer\">\n\t\t\t<div class=\"elementor-spacer-inner\"><\/div>\n\t\t<\/div>\n\t\t\t\t\t\t<\/div>\n\t\t\t\t<\/div>\n\t\t\t\t<div class=\"elementor-element elementor-element-f413f0a elementor-widget elementor-widget-heading\" data-id=\"f413f0a\" data-element_type=\"widget\" data-e-type=\"widget\" data-widget_type=\"heading.default\">\n\t\t\t\t<div class=\"elementor-widget-container\">\n\t\t\t\t\t<h2 class=\"elementor-heading-title elementor-size-default\">MEDIATY\u00d6<\/h2>\t\t\t\t<\/div>\n\t\t\t\t<\/div>\n\t\t\t\t<div class=\"elementor-element elementor-element-21b3103 elementor-widget elementor-widget-spacer\" data-id=\"21b3103\" data-element_type=\"widget\" data-e-type=\"widget\" data-widget_type=\"spacer.default\">\n\t\t\t\t<div class=\"elementor-widget-container\">\n\t\t\t\t\t\t\t<div class=\"elementor-spacer\">\n\t\t\t<div class=\"elementor-spacer-inner\"><\/div>\n\t\t<\/div>\n\t\t\t\t\t\t<\/div>\n\t\t\t\t<\/div>\n\t\t\t\t\t<\/div>\n\t\t<\/div>\n\t\t\t\t\t<\/div>\n\t\t<\/section>\n\t\t\t\t<section class=\"elementor-section elementor-top-section elementor-element elementor-element-e3c4a79 elementor-section-boxed elementor-section-height-default elementor-section-height-default parallax_section_no qode_elementor_container_no\" data-id=\"e3c4a79\" data-element_type=\"section\" data-e-type=\"section\">\n\t\t\t\t\t\t<div class=\"elementor-container elementor-column-gap-default\">\n\t\t\t\t\t<div class=\"elementor-column elementor-col-66 elementor-top-column elementor-element elementor-element-ae8ceb8\" data-id=\"ae8ceb8\" data-element_type=\"column\" data-e-type=\"column\">\n\t\t\t<div class=\"elementor-widget-wrap elementor-element-populated\">\n\t\t\t\t\t\t<div class=\"elementor-element elementor-element-cad2e10 elementor-widget elementor-widget-text-editor\" data-id=\"cad2e10\" data-element_type=\"widget\" data-e-type=\"widget\" data-widget_type=\"text-editor.default\">\n\t\t\t\t<div class=\"elementor-widget-container\">\n\t\t\t\t\t\t\t\t\t<p>Parikanniemis\u00e4\u00e4ti\u00f6 tekee radio-ohjelmia mm.\u00a0<a href=\"https:\/\/www.patmos.fi\" target=\"_blank\" rel=\"noopener\"><strong>Radio Patmoksen<\/strong><\/a> taajuudella.<\/p><p>&#8221;<strong>Kontti&#8221;<\/strong> ohjelma on pituudeltaan 24 minuuttia ja ohjelma sis\u00e4lt\u00e4\u00e4 haastatteluja, raamattuopetuksia ja Parikanniemen ty\u00f6n esittely\u00e4. Toimittajina ovat <strong>Teuvo V. Riikonen<\/strong> ja <strong>Petri Tiusanen<\/strong>, mutta tavoitteena on p\u00e4\u00e4st\u00e4\u00e4 \u00e4\u00e4neen useita ty\u00f6mme yhteyshenkil\u00f6it\u00e4 ja yst\u00e4vi\u00e4.\u00a0<\/p><h6>\u00a0<\/h6><h6>Taustaa ohjelmille<br \/><br \/><\/h6><p class=\"\">Parikanniemis\u00e4\u00e4ti\u00f6 ja Parikanniemen yst\u00e4v\u00e4t ry. aloitti omat radio-ohjelmat 2013 ja tuotti Radio Deille ohjelmia viisi vuotta mm. yhteisty\u00f6ss\u00e4 Savonlinnan seurakunnan ja Savonlinnan kristillisen opiston kanssa.\u00a0<br \/><br \/><\/p><p class=\"\">Aikaisemmin Teuvo V. Riikonen toimitti kirkkoherra Sammeli Juntusen kanssa vuodesta 2007 alkaen mm. puolen tunnin <em>Alusta alkaen<\/em>\u00a0-raamatunselitysohjelmaa ja viiden minuutin <em>Martti keh\u00e4\u00e4n<\/em>\u00a0-ohjelmaa, jossa k\u00e4siteltiin Martti Lutherin ajatuksia ja kirjoituksia.\u00a0<\/p><p class=\"\">2013\u20132017 Parikanniemis\u00e4\u00e4ti\u00f6 tuotti yksin yli 250 <em>Pala Konttista<\/em>\u00a0-ohjelmaa. Ohjelmia tekiv\u00e4t Riikosen lis\u00e4ksi s\u00e4\u00e4nn\u00f6llisesti Markku Liukkonen, Pekka Maaranen, Petri Tiusanen. \u00c4\u00e4nitt\u00e4j\u00e4n\u00e4 oli Wali Avent. Lis\u00e4ksi Riikonen on osallistunut Radio Dein eri suoriin keskusteluohjelmiin.<\/p><p>Parikanniemis\u00e4\u00e4ti\u00f6n oma ohjelma on ollut vuoden 2018 alusta tauolla. Yhden vuoden ohjelmat maksavat noin 5000 euroa. Jos haluat tukea toimintaa taloudellisesti, ja toivot ohjelmien jatkumista, ota yhteytt\u00e4 Parikanniemeen.<\/p>\t\t\t\t\t\t\t\t<\/div>\n\t\t\t\t<\/div>\n\t\t\t\t\t<\/div>\n\t\t<\/div>\n\t\t\t\t<div class=\"elementor-column elementor-col-33 elementor-top-column elementor-element elementor-element-a269f33\" data-id=\"a269f33\" data-element_type=\"column\" data-e-type=\"column\">\n\t\t\t<div class=\"elementor-widget-wrap elementor-element-populated\">\n\t\t\t\t\t\t<div class=\"elementor-element elementor-element-0832c11 elementor-widget elementor-widget-image\" data-id=\"0832c11\" data-element_type=\"widget\" data-e-type=\"widget\" data-widget_type=\"image.default\">\n\t\t\t\t<div class=\"elementor-widget-container\">\n\t\t\t\t\t\t\t\t\t\t\t\t\t\t\t<img fetchpriority=\"high\" decoding=\"async\" width=\"890\" height=\"1024\" src=\"https:\/\/parikanniemi.fi\/wp-content\/uploads\/2021\/11\/radio1-890x1024.jpg\" class=\"attachment-large size-large wp-image-788\" alt=\"\" srcset=\"https:\/\/parikanniemi.fi\/wp-content\/uploads\/2021\/11\/radio1-890x1024.jpg 890w, https:\/\/parikanniemi.fi\/wp-content\/uploads\/2021\/11\/radio1-261x300.jpg 261w, https:\/\/parikanniemi.fi\/wp-content\/uploads\/2021\/11\/radio1-768x884.jpg 768w, https:\/\/parikanniemi.fi\/wp-content\/uploads\/2021\/11\/radio1-700x806.jpg 700w, https:\/\/parikanniemi.fi\/wp-content\/uploads\/2021\/11\/radio1.jpg 1152w\" sizes=\"(max-width: 890px) 100vw, 890px\" \/>\t\t\t\t\t\t\t\t\t\t\t\t\t\t\t<\/div>\n\t\t\t\t<\/div>\n\t\t\t\t\t<\/div>\n\t\t<\/div>\n\t\t\t\t\t<\/div>\n\t\t<\/section>\n\t\t\t\t<section class=\"elementor-section elementor-top-section elementor-element elementor-element-96f46bc elementor-section-boxed elementor-section-height-default elementor-section-height-default parallax_section_no qode_elementor_container_no\" data-id=\"96f46bc\" data-element_type=\"section\" data-e-type=\"section\">\n\t\t\t\t\t\t<div class=\"elementor-container elementor-column-gap-default\">\n\t\t\t\t\t<div class=\"elementor-column elementor-col-100 elementor-top-column elementor-element elementor-element-69b1386\" data-id=\"69b1386\" data-element_type=\"column\" data-e-type=\"column\">\n\t\t\t<div class=\"elementor-widget-wrap elementor-element-populated\">\n\t\t\t\t\t\t<div class=\"elementor-element elementor-element-f52d63c elementor-widget elementor-widget-spacer\" data-id=\"f52d63c\" data-element_type=\"widget\" data-e-type=\"widget\" data-widget_type=\"spacer.default\">\n\t\t\t\t<div class=\"elementor-widget-container\">\n\t\t\t\t\t\t\t<div class=\"elementor-spacer\">\n\t\t\t<div class=\"elementor-spacer-inner\"><\/div>\n\t\t<\/div>\n\t\t\t\t\t\t<\/div>\n\t\t\t\t<\/div>\n\t\t\t\t\t<\/div>\n\t\t<\/div>\n\t\t\t\t\t<\/div>\n\t\t<\/section>\n\t\t\t\t<\/div>\n\t\t","protected":false},"excerpt":{"rendered":"<p>MEDIATY\u00d6 Parikanniemis\u00e4\u00e4ti\u00f6 tekee radio-ohjelmia mm.\u00a0Radio Patmoksen taajuudella. &#8221;Kontti&#8221; ohjelma on pituudeltaan 24 minuuttia ja ohjelma sis\u00e4lt\u00e4\u00e4 haastatteluja, raamattuopetuksia ja Parikanniemen ty\u00f6n esittely\u00e4. Toimittajina ovat Teuvo V. Riikonen ja Petri Tiusanen, mutta tavoitteena on p\u00e4\u00e4st\u00e4\u00e4 \u00e4\u00e4neen useita ty\u00f6mme yhteyshenkil\u00f6it\u00e4 ja yst\u00e4vi\u00e4.\u00a0 \u00a0 Taustaa ohjelmille Parikanniemis\u00e4\u00e4ti\u00f6 ja&#8230;<\/p>\n","protected":false},"author":1,"featured_media":0,"parent":287,"menu_order":0,"comment_status":"closed","ping_status":"closed","template":"full_width.php","meta":{"_tec_requires_first_save":true,"_EventAllDay":false,"_EventTimezone":"","_EventStartDate":"","_EventEndDate":"","_EventStartDateUTC":"","_EventEndDateUTC":"","_EventShowMap":false,"_EventShowMapLink":false,"_EventURL":"","_EventCost":"","_EventCostDescription":"","_EventCurrencySymbol":"","_EventCurrencyCode":"","_EventCurrencyPosition":"","_EventDateTimeSeparator":"","_EventTimeRangeSeparator":"","_EventOrganizerID":[],"_EventVenueID":[],"_OrganizerEmail":"","_OrganizerPhone":"","_OrganizerWebsite":"","_VenueAddress":"","_VenueCity":"","_VenueCountry":"","_VenueProvince":"","_VenueState":"","_VenueZip":"","_VenuePhone":"","_VenueURL":"","_VenueStateProvince":"","_VenueLat":"","_VenueLng":"","_VenueShowMap":false,"_VenueShowMapLink":false,"_tribe_blocks_recurrence_rules":"","_tribe_blocks_recurrence_description":"","_tribe_blocks_recurrence_exclusions":"","footnotes":""},"class_list":["post-786","page","type-page","status-publish","hentry"],"_links":{"self":[{"href":"https:\/\/parikanniemi.fi\/index.php?rest_route=\/wp\/v2\/pages\/786","targetHints":{"allow":["GET"]}}],"collection":[{"href":"https:\/\/parikanniemi.fi\/index.php?rest_route=\/wp\/v2\/pages"}],"about":[{"href":"https:\/\/parikanniemi.fi\/index.php?rest_route=\/wp\/v2\/types\/page"}],"author":[{"embeddable":true,"href":"https:\/\/parikanniemi.fi\/index.php?rest_route=\/wp\/v2\/users\/1"}],"replies":[{"embeddable":true,"href":"https:\/\/parikanniemi.fi\/index.php?rest_route=%2Fwp%2Fv2%2Fcomments&post=786"}],"version-history":[{"count":22,"href":"https:\/\/parikanniemi.fi\/index.php?rest_route=\/wp\/v2\/pages\/786\/revisions"}],"predecessor-version":[{"id":1528,"href":"https:\/\/parikanniemi.fi\/index.php?rest_route=\/wp\/v2\/pages\/786\/revisions\/1528"}],"up":[{"embeddable":true,"href":"https:\/\/parikanniemi.fi\/index.php?rest_route=\/wp\/v2\/pages\/287"}],"wp:attachment":[{"href":"https:\/\/parikanniemi.fi\/index.php?rest_route=%2Fwp%2Fv2%2Fmedia&parent=786"}],"curies":[{"name":"wp","href":"https:\/\/api.w.org\/{rel}","templated":true}]}}