{"id":777,"date":"2021-11-15T13:57:47","date_gmt":"2021-11-15T11:57:47","guid":{"rendered":"http:\/\/parikanniemi.fi\/?page_id=777"},"modified":"2022-03-04T08:23:16","modified_gmt":"2022-03-04T06:23:16","slug":"parikanniemisaatio-parikanniemen-ystavat-ry","status":"publish","type":"page","link":"https:\/\/parikanniemi.fi\/?page_id=777","title":{"rendered":""},"content":{"rendered":"\t\t<div data-elementor-type=\"wp-page\" data-elementor-id=\"777\" class=\"elementor elementor-777\">\n\t\t\t\t\t\t<section class=\"elementor-section elementor-top-section elementor-element elementor-element-925e8e0 elementor-section-boxed elementor-section-height-default elementor-section-height-default parallax_section_no qode_elementor_container_no\" data-id=\"925e8e0\" data-element_type=\"section\" data-e-type=\"section\">\n\t\t\t\t\t\t<div class=\"elementor-container elementor-column-gap-default\">\n\t\t\t\t\t<div class=\"elementor-column elementor-col-100 elementor-top-column elementor-element elementor-element-ebd23f9\" data-id=\"ebd23f9\" data-element_type=\"column\" data-e-type=\"column\">\n\t\t\t<div class=\"elementor-widget-wrap elementor-element-populated\">\n\t\t\t\t\t\t<div class=\"elementor-element elementor-element-5ca46fe elementor-widget elementor-widget-spacer\" data-id=\"5ca46fe\" data-element_type=\"widget\" data-e-type=\"widget\" data-widget_type=\"spacer.default\">\n\t\t\t\t<div class=\"elementor-widget-container\">\n\t\t\t\t\t\t\t<div class=\"elementor-spacer\">\n\t\t\t<div class=\"elementor-spacer-inner\"><\/div>\n\t\t<\/div>\n\t\t\t\t\t\t<\/div>\n\t\t\t\t<\/div>\n\t\t\t\t<div class=\"elementor-element elementor-element-b9fa07f elementor-widget elementor-widget-heading\" data-id=\"b9fa07f\" data-element_type=\"widget\" data-e-type=\"widget\" data-widget_type=\"heading.default\">\n\t\t\t\t<div class=\"elementor-widget-container\">\n\t\t\t\t\t<h2 class=\"elementor-heading-title elementor-size-default\">PARIKANNIEMEN YST\u00c4V\u00c4T RY<\/h2>\t\t\t\t<\/div>\n\t\t\t\t<\/div>\n\t\t\t\t\t<\/div>\n\t\t<\/div>\n\t\t\t\t\t<\/div>\n\t\t<\/section>\n\t\t\t\t<section class=\"elementor-section elementor-top-section elementor-element elementor-element-d8eccad elementor-section-boxed elementor-section-height-default elementor-section-height-default parallax_section_no qode_elementor_container_no\" data-id=\"d8eccad\" data-element_type=\"section\" data-e-type=\"section\">\n\t\t\t\t\t\t<div class=\"elementor-container elementor-column-gap-default\">\n\t\t\t\t\t<div class=\"elementor-column elementor-col-100 elementor-top-column elementor-element elementor-element-171830f\" data-id=\"171830f\" data-element_type=\"column\" data-e-type=\"column\">\n\t\t\t<div class=\"elementor-widget-wrap elementor-element-populated\">\n\t\t\t\t\t\t<div class=\"elementor-element elementor-element-cc7b030 elementor-widget elementor-widget-spacer\" data-id=\"cc7b030\" data-element_type=\"widget\" data-e-type=\"widget\" data-widget_type=\"spacer.default\">\n\t\t\t\t<div class=\"elementor-widget-container\">\n\t\t\t\t\t\t\t<div class=\"elementor-spacer\">\n\t\t\t<div class=\"elementor-spacer-inner\"><\/div>\n\t\t<\/div>\n\t\t\t\t\t\t<\/div>\n\t\t\t\t<\/div>\n\t\t\t\t\t<\/div>\n\t\t<\/div>\n\t\t\t\t\t<\/div>\n\t\t<\/section>\n\t\t\t\t<section class=\"elementor-section elementor-top-section elementor-element elementor-element-33a61f9 elementor-section-boxed elementor-section-height-default elementor-section-height-default parallax_section_no qode_elementor_container_no\" data-id=\"33a61f9\" data-element_type=\"section\" data-e-type=\"section\">\n\t\t\t\t\t\t<div class=\"elementor-container elementor-column-gap-default\">\n\t\t\t\t\t<div class=\"elementor-column elementor-col-100 elementor-top-column elementor-element elementor-element-b98b7fa\" data-id=\"b98b7fa\" data-element_type=\"column\" data-e-type=\"column\">\n\t\t\t<div class=\"elementor-widget-wrap elementor-element-populated\">\n\t\t\t\t\t\t<div class=\"elementor-element elementor-element-4dad1a5 elementor-widget elementor-widget-text-editor\" data-id=\"4dad1a5\" data-element_type=\"widget\" data-e-type=\"widget\" data-widget_type=\"text-editor.default\">\n\t\t\t\t<div class=\"elementor-widget-container\">\n\t\t\t\t\t\t\t\t\t<p><strong>PARIKANNIEMEN YST\u00c4V\u00c4T RY<\/strong><br \/>Huom! Vain j\u00e4senmaksut ja kustannustuotteiden myynnit.<br \/><strong>FI95 5271 0420 0445 14<\/strong><br \/>(Suur-Savon Osuuspankki)<\/p><h6>\u00a0<\/h6><h6><strong>Tue ty\u00f6t\u00e4mme<\/strong><\/h6><p>Jos haluat tukea ty\u00f6t\u00e4mme taloudellisesti, alta l\u00f6yd\u00e4t maksutiedot. L\u00e4mmin kiitos tuestasi!<\/p><p><strong>Maksunsaaja:<\/strong> Parikanniemis\u00e4\u00e4ti\u00f6<br \/><strong>Ker\u00e4ystili:<\/strong> FI63 5271 0420 1411 20 (Suur-Savon Osuuspankki)<\/p><p>Jos haluat kohdistaa lahjoituksesi tarkemmin, katso viitenumero t\u00e4st\u00e4:<\/p><p>Lastenkodin retket, harrastus- ja virkistystoiminta, viitenumero 10 00326<\/p><p>Hengellinen lehti- ja radioty\u00f6, viitenumero 10 00339<\/p><p>Muu hengellinen ja diakoniaty\u00f6, viitenumero 10 00342<\/p><p>Miss\u00e4 tarve on suurin, viitenumero 10 00313<\/p><p><strong>V<\/strong><strong>erkkopankkien kirjautumissivut:<\/strong><br \/><a href=\"https:\/\/www.aktia.fi\" target=\"_blank\" rel=\"noopener\">Aktia<\/a><br \/><a href=\"https:\/\/www.daskebank.fi\" target=\"_blank\" rel=\"noopener\">Danske Bank<\/a><br \/><a href=\"https:\/\/www.nordea.fi\" target=\"_blank\" rel=\"noopener\">Nordea<\/a><br \/><a href=\"https:\/\/www.op.fi\" target=\"_blank\" rel=\"noopener\">Osuuspankki<\/a><br \/><a href=\"https:\/\/www.s-pankki.fi\" target=\"_blank\" rel=\"noopener\">S-Pankki<\/a><br \/><a href=\"https:\/\/saastopankki.fi\" target=\"_blank\" rel=\"noopener\">S\u00e4\u00e4st\u00f6pankki<\/a><br \/><a href=\"https:\/\/poppankki.fi\" target=\"_blank\" rel=\"noopener\">Paikallisosuuspankki<\/a><\/p><p><strong>Ker\u00e4ystili FI63 5271 0420 1411 20<\/strong><br \/>(Suur-Savon Osuuspankki)<\/p><p>Ker\u00e4yslupa nro RA\/2022\/320<\/p><p>Luvan saaja: Parikanniemis\u00e4\u00e4ti\u00f6<\/p><p>Voimassaoloaika: toistaiseksi<br \/>Luvan my\u00f6nt\u00e4j\u00e4: Poliisihallitus. Lupa on voimassa Suomenalueella lukuunottamatta Ahvenanmaata.<\/p><p><strong>Ker\u00e4tyt varat k\u00e4ytet\u00e4\u00e4n:<\/strong><\/p><p>&#8211; s\u00e4\u00e4ti\u00f6n lastenkodin harrastustoiminnan kuluihin sek\u00e4 retkien ja virkistystoiminnan<br \/>j\u00e4rjest\u00e4miseen<br \/>&#8211; seurakunnissa teht\u00e4v\u00e4\u00e4n kristilliseen julistus- ja sielunhoitoty\u00f6h\u00f6n,<br \/>&#8211; kristilliseen opetusty\u00f6h\u00f6n seurakunnissa, omassa lehdess\u00e4, radio-ohjelmien ja muun median kautta<br \/>&#8211; eri kohderyhmille (lapsille, nuorisolle, aikuisille ja el\u00e4kel\u00e4isille) j\u00e4rjestett\u00e4vien kristillisten<br \/>opetustilaisuuksien ja konserttien kuluihin<br \/>&#8211; p\u00e4ihde- ja mielenterveys- ongelmaisten sek\u00e4 vanhusten ja syrj\u00e4ytyneiden parissa teht\u00e4v\u00e4n diakoniaty\u00f6n<br \/>kuluihin (j\u00e4rjestelykulut sek\u00e4 diakonia- ty\u00f6ntekij\u00e4n palkka).<\/p><p><strong>Liity j\u00e4seneksi<br \/><\/strong><br \/>Parikanniemen Yst\u00e4v\u00e4t ry:n tarkoituksena on Parikanniemis\u00e4\u00e4ti\u00f6n kannatusj\u00e4rjest\u00f6n\u00e4 hengellisesti ja<br \/>aineellisesti tukea s\u00e4\u00e4ti\u00f6n toimintaa. J\u00e4senille tulee Kontti-lehti nelj\u00e4sti vuodessa.<\/p><p>J\u00e4senmaksu on 20 \u20ac\/vuosi ja sen voi maksaa Parikanniemen Yst\u00e4v\u00e4t ry:n tilille:<br \/>FI95 5271 0420 0445 14<br \/>(Suur-Savon Osuuspankki).<\/p><p>Parikanniemen Yst\u00e4v\u00e4t ry toimii my\u00f6s kustannustuotteiden myyj\u00e4n\u00e4.<\/p><p>Sy\u00f6t\u00e4 alla olevaan tekstikentt\u00e4\u00e4n osoitetietosi ja liity j\u00e4seneksi:<br \/>Kirjoita t\u00e4h\u00e4n osoitetietosi ja paina lopuksi L\u00e4het\u00e4 tiedot -nappia.<\/p>\t\t\t\t\t\t\t\t<\/div>\n\t\t\t\t<\/div>\n\t\t\t\t\t<\/div>\n\t\t<\/div>\n\t\t\t\t\t<\/div>\n\t\t<\/section>\n\t\t\t\t<section class=\"elementor-section elementor-top-section elementor-element elementor-element-e351353 elementor-section-boxed elementor-section-height-default elementor-section-height-default parallax_section_no qode_elementor_container_no\" data-id=\"e351353\" data-element_type=\"section\" data-e-type=\"section\">\n\t\t\t\t\t\t<div class=\"elementor-container elementor-column-gap-default\">\n\t\t\t\t\t<div class=\"elementor-column elementor-col-100 elementor-top-column elementor-element elementor-element-7d10f4b\" data-id=\"7d10f4b\" data-element_type=\"column\" data-e-type=\"column\">\n\t\t\t<div class=\"elementor-widget-wrap elementor-element-populated\">\n\t\t\t\t\t\t<div class=\"elementor-element elementor-element-f5d7645 elementor-widget elementor-widget-spacer\" data-id=\"f5d7645\" data-element_type=\"widget\" data-e-type=\"widget\" data-widget_type=\"spacer.default\">\n\t\t\t\t<div class=\"elementor-widget-container\">\n\t\t\t\t\t\t\t<div class=\"elementor-spacer\">\n\t\t\t<div class=\"elementor-spacer-inner\"><\/div>\n\t\t<\/div>\n\t\t\t\t\t\t<\/div>\n\t\t\t\t<\/div>\n\t\t\t\t<div class=\"elementor-element elementor-element-f745996 elementor-widget elementor-widget-heading\" data-id=\"f745996\" data-element_type=\"widget\" data-e-type=\"widget\" data-widget_type=\"heading.default\">\n\t\t\t\t<div class=\"elementor-widget-container\">\n\t\t\t\t\t<h4 class=\"elementor-heading-title elementor-size-default\">Liittymislomake<\/h4>\t\t\t\t<\/div>\n\t\t\t\t<\/div>\n\t\t\t\t\t<\/div>\n\t\t<\/div>\n\t\t\t\t\t<\/div>\n\t\t<\/section>\n\t\t\t\t<section class=\"elementor-section elementor-top-section elementor-element elementor-element-8923b71 elementor-section-boxed elementor-section-height-default elementor-section-height-default parallax_section_no qode_elementor_container_no\" data-id=\"8923b71\" data-element_type=\"section\" data-e-type=\"section\">\n\t\t\t\t\t\t<div class=\"elementor-container elementor-column-gap-default\">\n\t\t\t\t\t<div class=\"elementor-column elementor-col-100 elementor-top-column elementor-element elementor-element-4b2767f\" data-id=\"4b2767f\" data-element_type=\"column\" data-e-type=\"column\">\n\t\t\t<div class=\"elementor-widget-wrap elementor-element-populated\">\n\t\t\t\t\t\t<div class=\"elementor-element elementor-element-5a6efbd elementor-widget elementor-widget-qi_addons_for_elementor_wp_forms\" data-id=\"5a6efbd\" data-element_type=\"widget\" data-e-type=\"widget\" data-widget_type=\"qi_addons_for_elementor_wp_forms.default\">\n\t\t\t\t<div class=\"elementor-widget-container\">\n\t\t\t\t\t<div class=\"qodef-shortcode qodef-m qodef-qi-wp-forms\">\n\t<div class=\"wpforms-container wpforms-container-full\" id=\"wpforms-1234\"><form id=\"wpforms-form-1234\" class=\"wpforms-validate wpforms-form wpforms-ajax-form\" data-formid=\"1234\" method=\"post\" enctype=\"multipart\/form-data\" action=\"\/index.php?rest_route=%2Fwp%2Fv2%2Fpages%2F777\" data-token=\"269bd9aacc7a59b0ba0e41698a894abe\" data-token-time=\"1777606844\"><noscript class=\"wpforms-error-noscript\">Please enable JavaScript in your browser to complete this form.<\/noscript><div class=\"wpforms-field-container\"><div id=\"wpforms-1234-field_1-container\" class=\"wpforms-field wpforms-field-text\" data-field-id=\"1\"><label class=\"wpforms-field-label\" for=\"wpforms-1234-field_1\">Nimi <span class=\"wpforms-required-label\">*<\/span><\/label><input type=\"text\" id=\"wpforms-1234-field_1\" class=\"wpforms-field-medium wpforms-field-required\" name=\"wpforms[fields][1]\" required><\/div><div id=\"wpforms-1234-field_2-container\" class=\"wpforms-field wpforms-field-text\" data-field-id=\"2\"><label class=\"wpforms-field-label\" for=\"wpforms-1234-field_2\">Osoite <span class=\"wpforms-required-label\">*<\/span><\/label><input type=\"text\" id=\"wpforms-1234-field_2\" class=\"wpforms-field-medium wpforms-field-required\" name=\"wpforms[fields][2]\" required><\/div><div id=\"wpforms-1234-field_3-container\" class=\"wpforms-field wpforms-field-email\" data-field-id=\"3\"><label class=\"wpforms-field-label\" for=\"wpforms-1234-field_3\">Email <span class=\"wpforms-required-label\">*<\/span><\/label><input type=\"email\" id=\"wpforms-1234-field_3\" class=\"wpforms-field-medium wpforms-field-required\" name=\"wpforms[fields][3]\" spellcheck=\"false\" required><\/div><div id=\"wpforms-1234-field_4-container\" class=\"wpforms-field wpforms-field-checkbox\" data-field-id=\"4\"><label class=\"wpforms-field-label\">J\u00e4senyys<\/label><ul id=\"wpforms-1234-field_4\"><li class=\"choice-1 depth-1\"><input type=\"checkbox\" id=\"wpforms-1234-field_4_1\" name=\"wpforms[fields][4][]\" value=\"Haluan liitty\u00e4 Parikanniemen yst\u00e4v\u00e4t ry:n j\u00e4seneksi\"  ><label class=\"wpforms-field-label-inline\" for=\"wpforms-1234-field_4_1\">Haluan liitty\u00e4 Parikanniemen yst\u00e4v\u00e4t ry:n j\u00e4seneksi<\/label><\/li><li class=\"choice-4 depth-1\"><input type=\"checkbox\" id=\"wpforms-1234-field_4_4\" name=\"wpforms[fields][4][]\" value=\"Haluan peruuttaa j\u00e4senyyteni\"  ><label class=\"wpforms-field-label-inline\" for=\"wpforms-1234-field_4_4\">Haluan peruuttaa j\u00e4senyyteni<\/label><\/li><li class=\"choice-5 depth-1\"><input type=\"checkbox\" id=\"wpforms-1234-field_4_5\" name=\"wpforms[fields][4][]\" value=\"Muu asia *j\u00e4t\u00e4 viesti alla olevaan kentt\u00e4\u00e4n\"  ><label class=\"wpforms-field-label-inline\" for=\"wpforms-1234-field_4_5\">Muu asia *j\u00e4t\u00e4 viesti alla olevaan kentt\u00e4\u00e4n<\/label><\/li><\/ul><\/div><div id=\"wpforms-1234-field_5-container\" class=\"wpforms-field wpforms-field-textarea\" data-field-id=\"5\"><label class=\"wpforms-field-label\" for=\"wpforms-1234-field_5\">Viesti<\/label><textarea id=\"wpforms-1234-field_5\" class=\"wpforms-field-medium\" name=\"wpforms[fields][5]\" ><\/textarea><\/div><\/div><!-- .wpforms-field-container --><div class=\"wpforms-submit-container\" ><input type=\"hidden\" name=\"wpforms[id]\" value=\"1234\"><input type=\"hidden\" name=\"page_title\" value=\"\"><input type=\"hidden\" name=\"page_url\" value=\"https:\/\/parikanniemi.fi\/index.php?rest_route=\/wp\/v2\/pages\/777\"><input type=\"hidden\" name=\"url_referer\" value=\"\"><button type=\"submit\" name=\"wpforms[submit]\" id=\"wpforms-submit-1234\" class=\"wpforms-submit\" data-alt-text=\"L\u00e4hett\u00e4\u00e4...\" data-submit-text=\"L\u00e4het\u00e4\" aria-live=\"assertive\" value=\"wpforms-submit\">L\u00e4het\u00e4<\/button><img decoding=\"async\" src=\"https:\/\/parikanniemi.fi\/wp-content\/plugins\/wpforms-lite\/assets\/images\/submit-spin.svg\" class=\"wpforms-submit-spinner\" style=\"display: none;\" width=\"26\" height=\"26\" alt=\"Loading\"><\/div><\/form><\/div>  <!-- .wpforms-container --><\/div>\n\t\t\t\t<\/div>\n\t\t\t\t<\/div>\n\t\t\t\t\t<\/div>\n\t\t<\/div>\n\t\t\t\t\t<\/div>\n\t\t<\/section>\n\t\t\t\t<\/div>\n\t\t","protected":false},"excerpt":{"rendered":"<p>PARIKANNIEMEN YST\u00c4V\u00c4T RY PARIKANNIEMEN YST\u00c4V\u00c4T RYHuom! Vain j\u00e4senmaksut ja kustannustuotteiden myynnit.FI95 5271 0420 0445 14(Suur-Savon Osuuspankki) \u00a0 Tue ty\u00f6t\u00e4mme Jos haluat tukea ty\u00f6t\u00e4mme taloudellisesti, alta l\u00f6yd\u00e4t maksutiedot. L\u00e4mmin kiitos tuestasi! Maksunsaaja: Parikanniemis\u00e4\u00e4ti\u00f6Ker\u00e4ystili: FI63 5271 0420 1411 20 (Suur-Savon Osuuspankki) Jos haluat kohdistaa lahjoituksesi tarkemmin, katso&#8230;<\/p>\n","protected":false},"author":1,"featured_media":0,"parent":287,"menu_order":0,"comment_status":"closed","ping_status":"closed","template":"full_width.php","meta":{"_tec_requires_first_save":true,"_EventAllDay":false,"_EventTimezone":"","_EventStartDate":"","_EventEndDate":"","_EventStartDateUTC":"","_EventEndDateUTC":"","_EventShowMap":false,"_EventShowMapLink":false,"_EventURL":"","_EventCost":"","_EventCostDescription":"","_EventCurrencySymbol":"","_EventCurrencyCode":"","_EventCurrencyPosition":"","_EventDateTimeSeparator":"","_EventTimeRangeSeparator":"","_EventOrganizerID":[],"_EventVenueID":[],"_OrganizerEmail":"","_OrganizerPhone":"","_OrganizerWebsite":"","_VenueAddress":"","_VenueCity":"","_VenueCountry":"","_VenueProvince":"","_VenueState":"","_VenueZip":"","_VenuePhone":"","_VenueURL":"","_VenueStateProvince":"","_VenueLat":"","_VenueLng":"","_VenueShowMap":false,"_VenueShowMapLink":false,"_tribe_blocks_recurrence_rules":"","_tribe_blocks_recurrence_description":"","_tribe_blocks_recurrence_exclusions":"","footnotes":""},"class_list":["post-777","page","type-page","status-publish","hentry"],"_links":{"self":[{"href":"https:\/\/parikanniemi.fi\/index.php?rest_route=\/wp\/v2\/pages\/777","targetHints":{"allow":["GET"]}}],"collection":[{"href":"https:\/\/parikanniemi.fi\/index.php?rest_route=\/wp\/v2\/pages"}],"about":[{"href":"https:\/\/parikanniemi.fi\/index.php?rest_route=\/wp\/v2\/types\/page"}],"author":[{"embeddable":true,"href":"https:\/\/parikanniemi.fi\/index.php?rest_route=\/wp\/v2\/users\/1"}],"replies":[{"embeddable":true,"href":"https:\/\/parikanniemi.fi\/index.php?rest_route=%2Fwp%2Fv2%2Fcomments&post=777"}],"version-history":[{"count":27,"href":"https:\/\/parikanniemi.fi\/index.php?rest_route=\/wp\/v2\/pages\/777\/revisions"}],"predecessor-version":[{"id":1929,"href":"https:\/\/parikanniemi.fi\/index.php?rest_route=\/wp\/v2\/pages\/777\/revisions\/1929"}],"up":[{"embeddable":true,"href":"https:\/\/parikanniemi.fi\/index.php?rest_route=\/wp\/v2\/pages\/287"}],"wp:attachment":[{"href":"https:\/\/parikanniemi.fi\/index.php?rest_route=%2Fwp%2Fv2%2Fmedia&parent=777"}],"curies":[{"name":"wp","href":"https:\/\/api.w.org\/{rel}","templated":true}]}}