{"id":772,"date":"2021-11-15T13:41:44","date_gmt":"2021-11-15T11:41:44","guid":{"rendered":"http:\/\/parikanniemi.fi\/?page_id=772"},"modified":"2022-03-04T08:14:43","modified_gmt":"2022-03-04T06:14:43","slug":"parikanniemisaatio-tue-tyotamme","status":"publish","type":"page","link":"https:\/\/parikanniemi.fi\/?page_id=772","title":{"rendered":""},"content":{"rendered":"\t\t<div data-elementor-type=\"wp-page\" data-elementor-id=\"772\" class=\"elementor elementor-772\">\n\t\t\t\t\t\t<section class=\"elementor-section elementor-top-section elementor-element elementor-element-aca8843 elementor-section-boxed elementor-section-height-default elementor-section-height-default parallax_section_no qode_elementor_container_no\" data-id=\"aca8843\" data-element_type=\"section\" data-e-type=\"section\">\n\t\t\t\t\t\t<div class=\"elementor-container elementor-column-gap-default\">\n\t\t\t\t\t<div class=\"elementor-column elementor-col-100 elementor-top-column elementor-element elementor-element-ab2b9d6\" data-id=\"ab2b9d6\" data-element_type=\"column\" data-e-type=\"column\">\n\t\t\t<div class=\"elementor-widget-wrap elementor-element-populated\">\n\t\t\t\t\t\t<div class=\"elementor-element elementor-element-9d5c598 elementor-widget elementor-widget-heading\" data-id=\"9d5c598\" data-element_type=\"widget\" data-e-type=\"widget\" data-widget_type=\"heading.default\">\n\t\t\t\t<div class=\"elementor-widget-container\">\n\t\t\t\t\t<h2 class=\"elementor-heading-title elementor-size-default\">TUE TY\u00d6T\u00c4MME JA LIITY J\u00c4SENEKSI<\/h2>\t\t\t\t<\/div>\n\t\t\t\t<\/div>\n\t\t\t\t<div class=\"elementor-element elementor-element-71cdf4b elementor-widget elementor-widget-spacer\" data-id=\"71cdf4b\" data-element_type=\"widget\" data-e-type=\"widget\" data-widget_type=\"spacer.default\">\n\t\t\t\t<div class=\"elementor-widget-container\">\n\t\t\t\t\t\t\t<div class=\"elementor-spacer\">\n\t\t\t<div class=\"elementor-spacer-inner\"><\/div>\n\t\t<\/div>\n\t\t\t\t\t\t<\/div>\n\t\t\t\t<\/div>\n\t\t\t\t\t<\/div>\n\t\t<\/div>\n\t\t\t\t\t<\/div>\n\t\t<\/section>\n\t\t\t\t<section class=\"elementor-section elementor-top-section elementor-element elementor-element-92a8c7e elementor-section-boxed elementor-section-height-default elementor-section-height-default parallax_section_no qode_elementor_container_no\" data-id=\"92a8c7e\" data-element_type=\"section\" data-e-type=\"section\">\n\t\t\t\t\t\t<div class=\"elementor-container elementor-column-gap-default\">\n\t\t\t\t\t<div class=\"elementor-column elementor-col-100 elementor-top-column elementor-element elementor-element-4b4657b\" data-id=\"4b4657b\" data-element_type=\"column\" data-e-type=\"column\">\n\t\t\t<div class=\"elementor-widget-wrap elementor-element-populated\">\n\t\t\t\t\t\t<div class=\"elementor-element elementor-element-9fcb1bc elementor-widget elementor-widget-text-editor\" data-id=\"9fcb1bc\" data-element_type=\"widget\" data-e-type=\"widget\" data-widget_type=\"text-editor.default\">\n\t\t\t\t<div class=\"elementor-widget-container\">\n\t\t\t\t\t\t\t\t\t<p>Jos haluat tukea ty\u00f6t\u00e4mme taloudellisesti alla on yhteystiedot. L\u00e4mmin kiitos tuestasi!<\/p><p><strong>Ker\u00e4ystili FI63 5271 0420 1411 20<\/strong><br \/>(Suur-Savon Osuuspankki)<\/p><p>Ker\u00e4yslupa nro RA\/2022\/320<\/p><p>Luvan saaja: Parikanniemis\u00e4\u00e4ti\u00f6<\/p><p>Voimassaoloaika: toistaiseksi<br \/>Luvan my\u00f6nt\u00e4j\u00e4: Poliisihallitus. Lupa on voimassa Suomenalueella lukuunottamatta Ahvenanmaata.<\/p><p><strong>Ker\u00e4tyt varat k\u00e4ytet\u00e4\u00e4n:<\/strong><\/p><p>&#8211; s\u00e4\u00e4ti\u00f6n lastenkodin harrastustoiminnan kuluihin sek\u00e4 retkien ja virkistystoiminnan<br \/>j\u00e4rjest\u00e4miseen<br \/>&#8211; seurakunnissa teht\u00e4v\u00e4\u00e4n kristilliseen julistus- ja sielunhoitoty\u00f6h\u00f6n,<br \/>&#8211; kristilliseen opetusty\u00f6h\u00f6n seurakunnissa, omassa lehdess\u00e4, radio-ohjelmien ja muun median kautta<br \/>&#8211; eri kohderyhmille (lapsille, nuorisolle, aikuisille ja el\u00e4kel\u00e4isille) j\u00e4rjestett\u00e4vien kristillisten<br \/>opetustilaisuuksien ja konserttien kuluihin<br \/>&#8211; p\u00e4ihde- ja mielenterveys- ongelmaisten sek\u00e4 vanhusten ja syrj\u00e4ytyneiden parissa teht\u00e4v\u00e4n diakoniaty\u00f6n<br \/>kuluihin (j\u00e4rjestelykulut sek\u00e4 diakonia- ty\u00f6ntekij\u00e4n palkka).<\/p><p><strong>Kolehdit, testamentit, muut lahjoitukset<\/strong><br \/>FI54 5271 0420 0130 48<br \/>(Suur-Savon Osuuspankki)<\/p><p><strong>Merkkip\u00e4iv\u00e4muistamiset<\/strong><br \/>Jos syntym\u00e4p\u00e4ivi\u00e4 tai muuta merkkip\u00e4iv\u00e4\u00e4 viett\u00e4v\u00e4 henkil\u00f6 haluaa ohjata muistamiset Parikanniemis\u00e4\u00e4ti\u00f6n<br \/>hyv\u00e4ksi, ohjataan ne ker\u00e4ystilille: FI63 5271 0420 1411 20. Viestikentt\u00e4\u00e4n kirjoitetaan p\u00e4iv\u00e4nsankarin sek\u00e4<br \/>lahjoittajien nimet.<\/p>\t\t\t\t\t\t\t\t<\/div>\n\t\t\t\t<\/div>\n\t\t\t\t<div class=\"elementor-element elementor-element-a283438 elementor-widget elementor-widget-heading\" data-id=\"a283438\" data-element_type=\"widget\" data-e-type=\"widget\" data-widget_type=\"heading.default\">\n\t\t\t\t<div class=\"elementor-widget-container\">\n\t\t\t\t\t<h4 class=\"elementor-heading-title elementor-size-default\">linkit pankkien sivuille<\/h4>\t\t\t\t<\/div>\n\t\t\t\t<\/div>\n\t\t\t\t\t<\/div>\n\t\t<\/div>\n\t\t\t\t\t<\/div>\n\t\t<\/section>\n\t\t\t\t<section class=\"elementor-section elementor-top-section elementor-element elementor-element-8019ebf elementor-section-boxed elementor-section-height-default elementor-section-height-default parallax_section_no qode_elementor_container_no\" data-id=\"8019ebf\" data-element_type=\"section\" data-e-type=\"section\">\n\t\t\t\t\t\t<div class=\"elementor-container elementor-column-gap-default\">\n\t\t\t\t\t<div class=\"elementor-column elementor-col-100 elementor-top-column elementor-element elementor-element-7b8a79d\" data-id=\"7b8a79d\" data-element_type=\"column\" data-e-type=\"column\">\n\t\t\t<div class=\"elementor-widget-wrap elementor-element-populated\">\n\t\t\t\t\t\t<div class=\"elementor-element elementor-element-0099e1f elementor-widget__width-auto elementor-widget elementor-widget-image\" data-id=\"0099e1f\" data-element_type=\"widget\" data-e-type=\"widget\" data-widget_type=\"image.default\">\n\t\t\t\t<div class=\"elementor-widget-container\">\n\t\t\t\t\t\t\t\t\t\t\t\t\t\t\t\t<a href=\"https:\/\/op.fi\" target=\"_blank\">\n\t\t\t\t\t\t\t<img decoding=\"async\" width=\"200\" height=\"125\" src=\"https:\/\/parikanniemi.fi\/wp-content\/uploads\/2022\/01\/op-1.jpg\" class=\"attachment-full size-full wp-image-1478\" alt=\"\" \/>\t\t\t\t\t\t\t\t<\/a>\n\t\t\t\t\t\t\t\t\t\t\t\t\t\t\t<\/div>\n\t\t\t\t<\/div>\n\t\t\t\t<div class=\"elementor-element elementor-element-bade6ab elementor-widget__width-auto elementor-widget elementor-widget-image\" data-id=\"bade6ab\" data-element_type=\"widget\" data-e-type=\"widget\" data-widget_type=\"image.default\">\n\t\t\t\t<div class=\"elementor-widget-container\">\n\t\t\t\t\t\t\t\t\t\t\t\t\t\t\t\t<a href=\"https:\/\/nordea.fi\" target=\"_blank\">\n\t\t\t\t\t\t\t<img decoding=\"async\" width=\"200\" height=\"125\" src=\"https:\/\/parikanniemi.fi\/wp-content\/uploads\/2022\/01\/nordea-1.jpg\" class=\"attachment-full size-full wp-image-1479\" alt=\"\" \/>\t\t\t\t\t\t\t\t<\/a>\n\t\t\t\t\t\t\t\t\t\t\t\t\t\t\t<\/div>\n\t\t\t\t<\/div>\n\t\t\t\t<div class=\"elementor-element elementor-element-4341d7c elementor-widget__width-auto elementor-widget elementor-widget-image\" data-id=\"4341d7c\" data-element_type=\"widget\" data-e-type=\"widget\" data-widget_type=\"image.default\">\n\t\t\t\t<div class=\"elementor-widget-container\">\n\t\t\t\t\t\t\t\t\t\t\t\t\t\t\t\t<a href=\"https:\/\/danskebank.fi\/\" target=\"_blank\">\n\t\t\t\t\t\t\t<img decoding=\"async\" width=\"200\" height=\"108\" src=\"https:\/\/parikanniemi.fi\/wp-content\/uploads\/2022\/01\/danske-2.jpg\" class=\"attachment-full size-full wp-image-1492\" alt=\"\" \/>\t\t\t\t\t\t\t\t<\/a>\n\t\t\t\t\t\t\t\t\t\t\t\t\t\t\t<\/div>\n\t\t\t\t<\/div>\n\t\t\t\t<div class=\"elementor-element elementor-element-1455a05 elementor-widget__width-auto elementor-widget elementor-widget-image\" data-id=\"1455a05\" data-element_type=\"widget\" data-e-type=\"widget\" data-widget_type=\"image.default\">\n\t\t\t\t<div class=\"elementor-widget-container\">\n\t\t\t\t\t\t\t\t\t\t\t\t\t\t\t\t<a href=\"http:\/\/poppankki.fi\" target=\"_blank\">\n\t\t\t\t\t\t\t<img loading=\"lazy\" decoding=\"async\" width=\"200\" height=\"126\" src=\"https:\/\/parikanniemi.fi\/wp-content\/uploads\/2022\/01\/pop.jpg\" class=\"attachment-full size-full wp-image-1481\" alt=\"\" \/>\t\t\t\t\t\t\t\t<\/a>\n\t\t\t\t\t\t\t\t\t\t\t\t\t\t\t<\/div>\n\t\t\t\t<\/div>\n\t\t\t\t<div class=\"elementor-element elementor-element-96235e1 elementor-widget__width-auto elementor-widget elementor-widget-image\" data-id=\"96235e1\" data-element_type=\"widget\" data-e-type=\"widget\" data-widget_type=\"image.default\">\n\t\t\t\t<div class=\"elementor-widget-container\">\n\t\t\t\t\t\t\t\t\t\t\t\t\t\t\t\t<a href=\"http:\/\/s-pankki.fi\" target=\"_blank\">\n\t\t\t\t\t\t\t<img loading=\"lazy\" decoding=\"async\" width=\"200\" height=\"125\" src=\"https:\/\/parikanniemi.fi\/wp-content\/uploads\/2022\/01\/s.jpg\" class=\"attachment-full size-full wp-image-1485\" alt=\"\" \/>\t\t\t\t\t\t\t\t<\/a>\n\t\t\t\t\t\t\t\t\t\t\t\t\t\t\t<\/div>\n\t\t\t\t<\/div>\n\t\t\t\t<div class=\"elementor-element elementor-element-2878466 elementor-widget__width-auto elementor-widget elementor-widget-image\" data-id=\"2878466\" data-element_type=\"widget\" data-e-type=\"widget\" data-widget_type=\"image.default\">\n\t\t\t\t<div class=\"elementor-widget-container\">\n\t\t\t\t\t\t\t\t\t\t\t\t\t\t\t\t<a href=\"https:\/\/www.handelsbanken.fi\/fi\/\" target=\"_blank\">\n\t\t\t\t\t\t\t<img loading=\"lazy\" decoding=\"async\" width=\"200\" height=\"114\" src=\"https:\/\/parikanniemi.fi\/wp-content\/uploads\/2022\/01\/handels.jpg\" class=\"attachment-full size-full wp-image-1486\" alt=\"\" \/>\t\t\t\t\t\t\t\t<\/a>\n\t\t\t\t\t\t\t\t\t\t\t\t\t\t\t<\/div>\n\t\t\t\t<\/div>\n\t\t\t\t<div class=\"elementor-element elementor-element-664a88a elementor-widget__width-auto elementor-widget elementor-widget-image\" data-id=\"664a88a\" data-element_type=\"widget\" data-e-type=\"widget\" data-widget_type=\"image.default\">\n\t\t\t\t<div class=\"elementor-widget-container\">\n\t\t\t\t\t\t\t\t\t\t\t\t\t\t\t\t<a href=\"https:\/\/www.aktia.fi\" target=\"_blank\">\n\t\t\t\t\t\t\t<img loading=\"lazy\" decoding=\"async\" width=\"200\" height=\"126\" src=\"https:\/\/parikanniemi.fi\/wp-content\/uploads\/2022\/01\/aktia.jpg\" class=\"attachment-full size-full wp-image-1487\" alt=\"\" \/>\t\t\t\t\t\t\t\t<\/a>\n\t\t\t\t\t\t\t\t\t\t\t\t\t\t\t<\/div>\n\t\t\t\t<\/div>\n\t\t\t\t<div class=\"elementor-element elementor-element-6898213 elementor-widget__width-auto elementor-widget elementor-widget-image\" data-id=\"6898213\" data-element_type=\"widget\" data-e-type=\"widget\" data-widget_type=\"image.default\">\n\t\t\t\t<div class=\"elementor-widget-container\">\n\t\t\t\t\t\t\t\t\t\t\t\t\t\t\t\t<a href=\"https:\/\/www.saastopankki.fi\" target=\"_blank\">\n\t\t\t\t\t\t\t<img loading=\"lazy\" decoding=\"async\" width=\"200\" height=\"125\" src=\"https:\/\/parikanniemi.fi\/wp-content\/uploads\/2022\/01\/saastop.jpg\" class=\"attachment-full size-full wp-image-1488\" alt=\"\" \/>\t\t\t\t\t\t\t\t<\/a>\n\t\t\t\t\t\t\t\t\t\t\t\t\t\t\t<\/div>\n\t\t\t\t<\/div>\n\t\t\t\t<div class=\"elementor-element elementor-element-fe3e97b elementor-widget__width-auto elementor-widget elementor-widget-image\" data-id=\"fe3e97b\" data-element_type=\"widget\" data-e-type=\"widget\" data-widget_type=\"image.default\">\n\t\t\t\t<div class=\"elementor-widget-container\">\n\t\t\t\t\t\t\t\t\t\t\t\t\t\t\t\t<a href=\"https:\/\/www.alandsbanken.com\/\" target=\"_blank\">\n\t\t\t\t\t\t\t<img loading=\"lazy\" decoding=\"async\" width=\"200\" height=\"114\" src=\"https:\/\/parikanniemi.fi\/wp-content\/uploads\/2022\/01\/a.jpg\" class=\"attachment-full size-full wp-image-1493\" alt=\"\" \/>\t\t\t\t\t\t\t\t<\/a>\n\t\t\t\t\t\t\t\t\t\t\t\t\t\t\t<\/div>\n\t\t\t\t<\/div>\n\t\t\t\t<div class=\"elementor-element elementor-element-62f414f elementor-widget__width-auto elementor-widget elementor-widget-image\" data-id=\"62f414f\" data-element_type=\"widget\" data-e-type=\"widget\" data-widget_type=\"image.default\">\n\t\t\t\t<div class=\"elementor-widget-container\">\n\t\t\t\t\t\t\t\t\t\t\t\t\t\t\t\t<a href=\"https:\/\/www.omasp.fi\/fi\" target=\"_blank\">\n\t\t\t\t\t\t\t<img loading=\"lazy\" decoding=\"async\" width=\"200\" height=\"82\" src=\"https:\/\/parikanniemi.fi\/wp-content\/uploads\/2022\/01\/oma.jpg\" class=\"attachment-full size-full wp-image-1503\" alt=\"\" \/>\t\t\t\t\t\t\t\t<\/a>\n\t\t\t\t\t\t\t\t\t\t\t\t\t\t\t<\/div>\n\t\t\t\t<\/div>\n\t\t\t\t<div class=\"elementor-element elementor-element-ffdfe3c elementor-widget elementor-widget-spacer\" data-id=\"ffdfe3c\" data-element_type=\"widget\" data-e-type=\"widget\" data-widget_type=\"spacer.default\">\n\t\t\t\t<div class=\"elementor-widget-container\">\n\t\t\t\t\t\t\t<div class=\"elementor-spacer\">\n\t\t\t<div class=\"elementor-spacer-inner\"><\/div>\n\t\t<\/div>\n\t\t\t\t\t\t<\/div>\n\t\t\t\t<\/div>\n\t\t\t\t<div class=\"elementor-element elementor-element-d798733 elementor-widget elementor-widget-heading\" data-id=\"d798733\" data-element_type=\"widget\" data-e-type=\"widget\" data-widget_type=\"heading.default\">\n\t\t\t\t<div class=\"elementor-widget-container\">\n\t\t\t\t\t<h4 class=\"elementor-heading-title elementor-size-default\">Liittymislomake<\/h4>\t\t\t\t<\/div>\n\t\t\t\t<\/div>\n\t\t\t\t\t<\/div>\n\t\t<\/div>\n\t\t\t\t\t<\/div>\n\t\t<\/section>\n\t\t\t\t<section class=\"elementor-section elementor-top-section elementor-element elementor-element-aa2c03d elementor-section-boxed elementor-section-height-default elementor-section-height-default parallax_section_no qode_elementor_container_no\" data-id=\"aa2c03d\" data-element_type=\"section\" data-e-type=\"section\">\n\t\t\t\t\t\t<div class=\"elementor-container elementor-column-gap-default\">\n\t\t\t\t\t<div class=\"elementor-column elementor-col-100 elementor-top-column elementor-element elementor-element-eee5bed\" data-id=\"eee5bed\" data-element_type=\"column\" data-e-type=\"column\">\n\t\t\t<div class=\"elementor-widget-wrap elementor-element-populated\">\n\t\t\t\t\t\t<div class=\"elementor-element elementor-element-32268e6 elementor-widget elementor-widget-qi_addons_for_elementor_wp_forms\" data-id=\"32268e6\" data-element_type=\"widget\" data-e-type=\"widget\" data-widget_type=\"qi_addons_for_elementor_wp_forms.default\">\n\t\t\t\t<div class=\"elementor-widget-container\">\n\t\t\t\t\t<div class=\"qodef-shortcode qodef-m qodef-qi-wp-forms\">\n\t<div class=\"wpforms-container wpforms-container-full\" id=\"wpforms-1234\"><form id=\"wpforms-form-1234\" class=\"wpforms-validate wpforms-form wpforms-ajax-form\" data-formid=\"1234\" method=\"post\" enctype=\"multipart\/form-data\" action=\"\/index.php?rest_route=%2Fwp%2Fv2%2Fpages%2F772\" data-token=\"269bd9aacc7a59b0ba0e41698a894abe\" data-token-time=\"1777606700\"><noscript class=\"wpforms-error-noscript\">Please enable JavaScript in your browser to complete this form.<\/noscript><div class=\"wpforms-field-container\"><div id=\"wpforms-1234-field_1-container\" class=\"wpforms-field wpforms-field-text\" data-field-id=\"1\"><label class=\"wpforms-field-label\" for=\"wpforms-1234-field_1\">Nimi <span class=\"wpforms-required-label\">*<\/span><\/label><input type=\"text\" id=\"wpforms-1234-field_1\" class=\"wpforms-field-medium wpforms-field-required\" name=\"wpforms[fields][1]\" required><\/div><div id=\"wpforms-1234-field_2-container\" class=\"wpforms-field wpforms-field-text\" data-field-id=\"2\"><label class=\"wpforms-field-label\" for=\"wpforms-1234-field_2\">Osoite <span class=\"wpforms-required-label\">*<\/span><\/label><input type=\"text\" id=\"wpforms-1234-field_2\" class=\"wpforms-field-medium wpforms-field-required\" name=\"wpforms[fields][2]\" required><\/div><div id=\"wpforms-1234-field_3-container\" class=\"wpforms-field wpforms-field-email\" data-field-id=\"3\"><label class=\"wpforms-field-label\" for=\"wpforms-1234-field_3\">Email <span class=\"wpforms-required-label\">*<\/span><\/label><input type=\"email\" id=\"wpforms-1234-field_3\" class=\"wpforms-field-medium wpforms-field-required\" name=\"wpforms[fields][3]\" spellcheck=\"false\" required><\/div><div id=\"wpforms-1234-field_4-container\" class=\"wpforms-field wpforms-field-checkbox\" data-field-id=\"4\"><label class=\"wpforms-field-label\">J\u00e4senyys<\/label><ul id=\"wpforms-1234-field_4\"><li class=\"choice-1 depth-1\"><input type=\"checkbox\" id=\"wpforms-1234-field_4_1\" name=\"wpforms[fields][4][]\" value=\"Haluan liitty\u00e4 Parikanniemen yst\u00e4v\u00e4t ry:n j\u00e4seneksi\"  ><label class=\"wpforms-field-label-inline\" for=\"wpforms-1234-field_4_1\">Haluan liitty\u00e4 Parikanniemen yst\u00e4v\u00e4t ry:n j\u00e4seneksi<\/label><\/li><li class=\"choice-4 depth-1\"><input type=\"checkbox\" id=\"wpforms-1234-field_4_4\" name=\"wpforms[fields][4][]\" value=\"Haluan peruuttaa j\u00e4senyyteni\"  ><label class=\"wpforms-field-label-inline\" for=\"wpforms-1234-field_4_4\">Haluan peruuttaa j\u00e4senyyteni<\/label><\/li><li class=\"choice-5 depth-1\"><input type=\"checkbox\" id=\"wpforms-1234-field_4_5\" name=\"wpforms[fields][4][]\" value=\"Muu asia *j\u00e4t\u00e4 viesti alla olevaan kentt\u00e4\u00e4n\"  ><label class=\"wpforms-field-label-inline\" for=\"wpforms-1234-field_4_5\">Muu asia *j\u00e4t\u00e4 viesti alla olevaan kentt\u00e4\u00e4n<\/label><\/li><\/ul><\/div><div id=\"wpforms-1234-field_5-container\" class=\"wpforms-field wpforms-field-textarea\" data-field-id=\"5\"><label class=\"wpforms-field-label\" for=\"wpforms-1234-field_5\">Viesti<\/label><textarea id=\"wpforms-1234-field_5\" class=\"wpforms-field-medium\" name=\"wpforms[fields][5]\" ><\/textarea><\/div><\/div><!-- .wpforms-field-container --><div class=\"wpforms-submit-container\" ><input type=\"hidden\" name=\"wpforms[id]\" value=\"1234\"><input type=\"hidden\" name=\"page_title\" value=\"\"><input type=\"hidden\" name=\"page_url\" value=\"https:\/\/parikanniemi.fi\/index.php?rest_route=\/wp\/v2\/pages\/772\"><input type=\"hidden\" name=\"url_referer\" value=\"\"><button type=\"submit\" name=\"wpforms[submit]\" id=\"wpforms-submit-1234\" class=\"wpforms-submit\" data-alt-text=\"L\u00e4hett\u00e4\u00e4...\" data-submit-text=\"L\u00e4het\u00e4\" aria-live=\"assertive\" value=\"wpforms-submit\">L\u00e4het\u00e4<\/button><img loading=\"lazy\" decoding=\"async\" src=\"https:\/\/parikanniemi.fi\/wp-content\/plugins\/wpforms-lite\/assets\/images\/submit-spin.svg\" class=\"wpforms-submit-spinner\" style=\"display: none;\" width=\"26\" height=\"26\" alt=\"Loading\"><\/div><\/form><\/div>  <!-- .wpforms-container --><\/div>\n\t\t\t\t<\/div>\n\t\t\t\t<\/div>\n\t\t\t\t\t<\/div>\n\t\t<\/div>\n\t\t\t\t\t<\/div>\n\t\t<\/section>\n\t\t\t\t<\/div>\n\t\t","protected":false},"excerpt":{"rendered":"<p>TUE TY\u00d6T\u00c4MME JA LIITY J\u00c4SENEKSI Jos haluat tukea ty\u00f6t\u00e4mme taloudellisesti alla on yhteystiedot. L\u00e4mmin kiitos tuestasi! Ker\u00e4ystili FI63 5271 0420 1411 20(Suur-Savon Osuuspankki) Ker\u00e4yslupa nro RA\/2022\/320 Luvan saaja: Parikanniemis\u00e4\u00e4ti\u00f6 Voimassaoloaika: toistaiseksiLuvan my\u00f6nt\u00e4j\u00e4: Poliisihallitus. Lupa on voimassa Suomenalueella lukuunottamatta Ahvenanmaata. Ker\u00e4tyt varat k\u00e4ytet\u00e4\u00e4n: &#8211; s\u00e4\u00e4ti\u00f6n lastenkodin&#8230;<\/p>\n","protected":false},"author":1,"featured_media":0,"parent":287,"menu_order":0,"comment_status":"closed","ping_status":"closed","template":"","meta":{"_tec_requires_first_save":true,"_EventAllDay":false,"_EventTimezone":"","_EventStartDate":"","_EventEndDate":"","_EventStartDateUTC":"","_EventEndDateUTC":"","_EventShowMap":false,"_EventShowMapLink":false,"_EventURL":"","_EventCost":"","_EventCostDescription":"","_EventCurrencySymbol":"","_EventCurrencyCode":"","_EventCurrencyPosition":"","_EventDateTimeSeparator":"","_EventTimeRangeSeparator":"","_EventOrganizerID":[],"_EventVenueID":[],"_OrganizerEmail":"","_OrganizerPhone":"","_OrganizerWebsite":"","_VenueAddress":"","_VenueCity":"","_VenueCountry":"","_VenueProvince":"","_VenueState":"","_VenueZip":"","_VenuePhone":"","_VenueURL":"","_VenueStateProvince":"","_VenueLat":"","_VenueLng":"","_VenueShowMap":false,"_VenueShowMapLink":false,"_tribe_blocks_recurrence_rules":"","_tribe_blocks_recurrence_description":"","_tribe_blocks_recurrence_exclusions":"","footnotes":""},"class_list":["post-772","page","type-page","status-publish","hentry"],"_links":{"self":[{"href":"https:\/\/parikanniemi.fi\/index.php?rest_route=\/wp\/v2\/pages\/772","targetHints":{"allow":["GET"]}}],"collection":[{"href":"https:\/\/parikanniemi.fi\/index.php?rest_route=\/wp\/v2\/pages"}],"about":[{"href":"https:\/\/parikanniemi.fi\/index.php?rest_route=\/wp\/v2\/types\/page"}],"author":[{"embeddable":true,"href":"https:\/\/parikanniemi.fi\/index.php?rest_route=\/wp\/v2\/users\/1"}],"replies":[{"embeddable":true,"href":"https:\/\/parikanniemi.fi\/index.php?rest_route=%2Fwp%2Fv2%2Fcomments&post=772"}],"version-history":[{"count":55,"href":"https:\/\/parikanniemi.fi\/index.php?rest_route=\/wp\/v2\/pages\/772\/revisions"}],"predecessor-version":[{"id":1923,"href":"https:\/\/parikanniemi.fi\/index.php?rest_route=\/wp\/v2\/pages\/772\/revisions\/1923"}],"up":[{"embeddable":true,"href":"https:\/\/parikanniemi.fi\/index.php?rest_route=\/wp\/v2\/pages\/287"}],"wp:attachment":[{"href":"https:\/\/parikanniemi.fi\/index.php?rest_route=%2Fwp%2Fv2%2Fmedia&parent=772"}],"curies":[{"name":"wp","href":"https:\/\/api.w.org\/{rel}","templated":true}]}}