{"id":265,"date":"2021-07-14T06:57:52","date_gmt":"2021-07-14T06:57:52","guid":{"rendered":"https:\/\/bridge490.qodeinteractive.com\/?page_id=265"},"modified":"2021-11-29T11:15:56","modified_gmt":"2021-11-29T09:15:56","slug":"our-blog","status":"publish","type":"page","link":"https:\/\/parikanniemi.fi\/?page_id=265","title":{"rendered":"Blogi"},"content":{"rendered":"\t\t<div data-elementor-type=\"wp-page\" data-elementor-id=\"265\" class=\"elementor elementor-265\">\n\t\t\t\t\t\t<section class=\"elementor-section elementor-top-section elementor-element elementor-element-bf0e7be elementor-section-full_width qode_elementor_container_inner elementor-section-height-default elementor-section-height-default parallax_section_no\" data-id=\"bf0e7be\" data-element_type=\"section\" data-e-type=\"section\">\n\t\t\t\t\t\t<div class=\"elementor-container elementor-column-gap-default\">\n\t\t\t\t\t<div class=\"elementor-column elementor-col-100 elementor-top-column elementor-element elementor-element-00d7b5f\" data-id=\"00d7b5f\" data-element_type=\"column\" data-e-type=\"column\">\n\t\t\t<div class=\"elementor-widget-wrap elementor-element-populated\">\n\t\t\t\t\t\t<div class=\"elementor-element elementor-element-6c92906 elementor-widget elementor-widget-text-editor\" data-id=\"6c92906\" data-element_type=\"widget\" data-e-type=\"widget\" data-widget_type=\"text-editor.default\">\n\t\t\t\t<div class=\"elementor-widget-container\">\n\t\t\t\t\t\t\t\t\t<p>T\u00e4\u00e4lt\u00e4 voit seurata Parikanniemen kuulumisia. Sis\u00e4lt\u00f6\u00e4 blogiin tuottaa Parikaniemis\u00e4\u00e4ti\u00f6n henkil\u00f6kunnan lis\u00e4ksi lastenkodin lapset ja nuoret.<\/p>\t\t\t\t\t\t\t\t<\/div>\n\t\t\t\t<\/div>\n\t\t\t\t<div class=\"elementor-element elementor-element-f7000b9 elementor-widget elementor-widget-spacer\" data-id=\"f7000b9\" data-element_type=\"widget\" data-e-type=\"widget\" data-widget_type=\"spacer.default\">\n\t\t\t\t<div class=\"elementor-widget-container\">\n\t\t\t\t\t\t\t<div class=\"elementor-spacer\">\n\t\t\t<div class=\"elementor-spacer-inner\"><\/div>\n\t\t<\/div>\n\t\t\t\t\t\t<\/div>\n\t\t\t\t<\/div>\n\t\t\t\t<section class=\"elementor-section elementor-inner-section elementor-element elementor-element-734cd7a elementor-section-boxed elementor-section-height-default elementor-section-height-default parallax_section_no qode_elementor_container_no\" data-id=\"734cd7a\" data-element_type=\"section\" data-e-type=\"section\">\n\t\t\t\t\t\t<div class=\"elementor-container elementor-column-gap-default\">\n\t\t\t\t\t<div class=\"elementor-column elementor-col-66 elementor-inner-column elementor-element elementor-element-3d91ea2\" data-id=\"3d91ea2\" data-element_type=\"column\" data-e-type=\"column\">\n\t\t\t<div class=\"elementor-widget-wrap elementor-element-populated\">\n\t\t\t\t\t\t<div class=\"elementor-element elementor-element-4be9b220 elementor-widget elementor-widget-bridge_latest_posts_two\" data-id=\"4be9b220\" data-element_type=\"widget\" data-e-type=\"widget\" data-widget_type=\"bridge_latest_posts_two.default\">\n\t\t\t\t<div class=\"elementor-widget-container\">\n\t\t\t\t\t<div class='latest_post_two_holder one_column'><ul><li class=\"clearfix\"><div class=\"latest_post_two_image\"><a itemprop=\"url\" href=\"https:\/\/parikanniemi.fi\/?p=4300\"><img fetchpriority=\"high\" decoding=\"async\" width=\"800\" height=\"600\" src=\"https:\/\/parikanniemi.fi\/wp-content\/uploads\/2025\/11\/Betlehem2025.1-800x600.jpg\" class=\"attachment-portfolio-landscape size-portfolio-landscape wp-post-image\" alt=\"\" \/><\/a><\/div><div class=\"latest_post_two_inner\" style='background-color: #02010100;'><div class=\"latest_post_two_text\"><h4 itemprop=\"name\" class=\"latest_post_two_title entry_title\"><a itemprop=\"url\" href=\"https:\/\/parikanniemi.fi\/?p=4300\" >MATKA BETLEHEMIIN JOULUVAELLUS PARIKANNIEMEN LASTENKODILLA 27. KERRAN<\/a><\/h4><div class=\"separator small left \" style='background-color: #02010100;'><\/div><p itemprop=\"description\" class=\"latest_post_two_excerpt\" >Parikanniemen lastenkodilla Mikkelin Ristiinassa j\u00e4rjestet\u00e4\u00e4n suosittu Matka Beetlehemiin jouluvaellus 27. kerran 12.-13.12.2025. Viime vuosina vaelluksella on ollut n. 1100-1200 vaeltajaa.&nbsp; Jouluvaelluksen toteuttajina ovat lastenkodin lapset, Parikanniemen ty\u00f6ntekij\u00e4t ja kymmenet vapaaehtoiset. Yhteens\u00e4 vaelluksen tekij\u00f6it\u00e4 on yli 60. Jouluvaellukseen kuuluu vaellus pieniss\u00e4 ryhmiss\u00e4 talvisessa maisemassa tapahtumapaikalta toiselle...<\/p><\/div><div class=\"latest_post_two_info\" style='border-color: #02010100;'><div class=\"latest_post_two_info_inner\" style='color: #000000;'><div class=\"post_info_author\"><span class=\"post_info_author_name\">Petri Tiusanen<\/span><\/div><div itemprop=\"dateCreated\" class=\"post_info_date entry_date updated\">11 marraskuun, 2025<meta itemprop=\"interactionCount\" content=\"UserComments: <?php echo get_comments_number(qode_get_page_id()); ?>\"\/><\/div><\/div><\/div><\/div><\/li><\/ul><\/div>\t\t\t\t<\/div>\n\t\t\t\t<\/div>\n\t\t\t\t\t<\/div>\n\t\t<\/div>\n\t\t\t\t<div class=\"elementor-column elementor-col-33 elementor-inner-column elementor-element elementor-element-7fd7b65\" data-id=\"7fd7b65\" data-element_type=\"column\" data-e-type=\"column\">\n\t\t\t<div class=\"elementor-widget-wrap elementor-element-populated\">\n\t\t\t\t\t\t<div class=\"elementor-element elementor-element-47754d0 elementor-widget elementor-widget-sidebar\" data-id=\"47754d0\" data-element_type=\"widget\" data-e-type=\"widget\" data-widget_type=\"sidebar.default\">\n\t\t\t\t<div class=\"elementor-widget-container\">\n\t\t\t\t\t<div class=\"widget qode_latest_posts_widget\"><h5>Uusimmat julkaisut<\/h5>\n<div class='latest_post_holder image_in_box  ' >\n    <ul>\n    \n        <li class=\"clearfix\">\n            <div class=\"latest_post\"  >\n                <div class=\"latest_post_image clearfix\">\n                    <a itemprop=\"url\" href=\"https:\/\/parikanniemi.fi\/?p=4300\">\n                                                <img decoding=\"async\" itemprop=\"image\" src=\"https:\/\/parikanniemi.fi\/wp-content\/uploads\/2025\/11\/Betlehem2025.1-150x150.jpg\" alt=\"\" \/>\n                    <\/a>\n                <\/div>\n\n\n                <div class=\"latest_post_text\">\n                    <div class=\"latest_post_inner\">\n                        <div class=\"latest_post_text_inner\">\n                            <h6 itemprop=\"name\" class=\"latest_post_title entry_title\"><a itemprop=\"url\" href=\"https:\/\/parikanniemi.fi\/?p=4300\">MATKA BETLEHEMIIN JOULUVAELLUS PARIKANNIEMEN LASTENKODILLA 27. KERRAN<\/a><\/h6>\n                            \n                            <span class=\"post_infos\">\n                                                                    <span class=\"date_hour_holder\">\n                                        <span itemprop=\"dateCreated\" class=\"date entry_date updated\">11 marraskuun, 2025 <meta itemprop=\"interactionCount\" content=\"UserComments: 0\"\/><\/span>\n                                    <\/span>\n                                \n                                \n                                \n                                \n                                                            <\/span>\n                        <\/div>\n                    <\/div>\n                <\/div>\n            <\/div>\n        <\/li>\n        \n    <\/ul>\n<\/div><\/div><div id=\"categories-3\" class=\"widget widget_categories posts_holder\"><h5>Kategoriat<\/h5>\n\t\t\t<ul>\n\t\t\t\t\t<li class=\"cat-item cat-item-1\"><a href=\"https:\/\/parikanniemi.fi\/?cat=1\">Yleinen<\/a>\n<\/li>\n\t\t\t<\/ul>\n\n\t\t\t<\/div>\t\t\t\t<\/div>\n\t\t\t\t<\/div>\n\t\t\t\t\t<\/div>\n\t\t<\/div>\n\t\t\t\t\t<\/div>\n\t\t<\/section>\n\t\t\t\t<div class=\"elementor-element elementor-element-e1cc643 elementor-widget elementor-widget-spacer\" data-id=\"e1cc643\" data-element_type=\"widget\" data-e-type=\"widget\" data-widget_type=\"spacer.default\">\n\t\t\t\t<div class=\"elementor-widget-container\">\n\t\t\t\t\t\t\t<div class=\"elementor-spacer\">\n\t\t\t<div class=\"elementor-spacer-inner\"><\/div>\n\t\t<\/div>\n\t\t\t\t\t\t<\/div>\n\t\t\t\t<\/div>\n\t\t\t\t\t<\/div>\n\t\t<\/div>\n\t\t\t\t\t<\/div>\n\t\t<\/section>\n\t\t\t\t<\/div>\n\t\t","protected":false},"excerpt":{"rendered":"<p>T\u00e4\u00e4lt\u00e4 voit seurata Parikanniemen kuulumisia. Sis\u00e4lt\u00f6\u00e4 blogiin tuottaa Parikaniemis\u00e4\u00e4ti\u00f6n henkil\u00f6kunnan lis\u00e4ksi lastenkodin lapset ja nuoret. Parikanniemen joulutervehdys Vuosi 2021 j\u00e4\u00e4 mieleen aikana, jolloin totuimme poikkeusoloihin. Koko vuoden jatkunut ep\u00e4varmuuden tila muuttui pikkuhiljaa paremmaksi. Opimme el\u00e4m\u00e4\u00e4n tilanteessa, jossa nopeat muutokset olivat mahdollisia. Parikanniemen ty\u00f6ss\u00e4 se merkitsi&#8230;<\/p>\n","protected":false},"author":1,"featured_media":0,"parent":0,"menu_order":0,"comment_status":"closed","ping_status":"closed","template":"full_width.php","meta":{"_tec_requires_first_save":true,"_EventAllDay":false,"_EventTimezone":"","_EventStartDate":"","_EventEndDate":"","_EventStartDateUTC":"","_EventEndDateUTC":"","_EventShowMap":false,"_EventShowMapLink":false,"_EventURL":"","_EventCost":"","_EventCostDescription":"","_EventCurrencySymbol":"","_EventCurrencyCode":"","_EventCurrencyPosition":"","_EventDateTimeSeparator":"","_EventTimeRangeSeparator":"","_EventOrganizerID":[],"_EventVenueID":[],"_OrganizerEmail":"","_OrganizerPhone":"","_OrganizerWebsite":"","_VenueAddress":"","_VenueCity":"","_VenueCountry":"","_VenueProvince":"","_VenueState":"","_VenueZip":"","_VenuePhone":"","_VenueURL":"","_VenueStateProvince":"","_VenueLat":"","_VenueLng":"","_VenueShowMap":false,"_VenueShowMapLink":false,"_tribe_blocks_recurrence_rules":"","_tribe_blocks_recurrence_description":"","_tribe_blocks_recurrence_exclusions":"","footnotes":""},"class_list":["post-265","page","type-page","status-publish","hentry"],"_links":{"self":[{"href":"https:\/\/parikanniemi.fi\/index.php?rest_route=\/wp\/v2\/pages\/265","targetHints":{"allow":["GET"]}}],"collection":[{"href":"https:\/\/parikanniemi.fi\/index.php?rest_route=\/wp\/v2\/pages"}],"about":[{"href":"https:\/\/parikanniemi.fi\/index.php?rest_route=\/wp\/v2\/types\/page"}],"author":[{"embeddable":true,"href":"https:\/\/parikanniemi.fi\/index.php?rest_route=\/wp\/v2\/users\/1"}],"replies":[{"embeddable":true,"href":"https:\/\/parikanniemi.fi\/index.php?rest_route=%2Fwp%2Fv2%2Fcomments&post=265"}],"version-history":[{"count":40,"href":"https:\/\/parikanniemi.fi\/index.php?rest_route=\/wp\/v2\/pages\/265\/revisions"}],"predecessor-version":[{"id":1161,"href":"https:\/\/parikanniemi.fi\/index.php?rest_route=\/wp\/v2\/pages\/265\/revisions\/1161"}],"wp:attachment":[{"href":"https:\/\/parikanniemi.fi\/index.php?rest_route=%2Fwp%2Fv2%2Fmedia&parent=265"}],"curies":[{"name":"wp","href":"https:\/\/api.w.org\/{rel}","templated":true}]}}